{"id":98252,"date":"2025-02-06T19:35:22","date_gmt":"2025-02-06T18:35:22","guid":{"rendered":"https:\/\/frisbii.com\/imprint\/"},"modified":"2025-11-03T13:25:45","modified_gmt":"2025-11-03T12:25:45","slug":"imprint","status":"publish","type":"page","link":"https:\/\/frisbii.com\/fr\/imprint\/","title":{"rendered":"Imprint"},"content":{"rendered":"\t\t<div data-elementor-type=\"wp-page\" data-elementor-id=\"98252\" class=\"elementor elementor-98252 elementor-93315\" wpc-filter-elementor-widget=\"1\" data-elementor-post-type=\"page\">\n\t\t\t\t<div class=\"elementor-element elementor-element-cee96fb e-flex e-con-boxed e-con e-parent\" data-id=\"cee96fb\" data-element_type=\"container\" data-e-type=\"container\" data-settings=\"{&quot;ekit_has_onepagescroll_dot&quot;:&quot;yes&quot;}\">\n\t\t\t\t\t<div class=\"e-con-inner\">\n\t\t\t\t<div class=\"elementor-element elementor-element-3ecc2f5 elementor-widget elementor-widget-heading\" data-id=\"3ecc2f5\" data-element_type=\"widget\" data-e-type=\"widget\" data-settings=\"{&quot;ekit_we_effect_on&quot;:&quot;none&quot;}\" data-widget_type=\"heading.default\">\n\t\t\t\t<div class=\"elementor-widget-container\">\n\t\t\t\t\t<h1 class=\"elementor-heading-title elementor-size-default\">Imprint<\/h1>\t\t\t\t<\/div>\n\t\t\t\t<\/div>\n\t\t\t\t\t<\/div>\n\t\t\t\t<\/div>\n\t\t<div class=\"elementor-element elementor-element-76bb57a e-flex e-con-boxed e-con e-parent\" data-id=\"76bb57a\" data-element_type=\"container\" data-e-type=\"container\" data-settings=\"{&quot;ekit_has_onepagescroll_dot&quot;:&quot;yes&quot;}\">\n\t\t\t\t\t<div class=\"e-con-inner\">\n\t\t\t\t<div class=\"elementor-element elementor-element-3d4d8d8 elementor-widget elementor-widget-text-editor\" data-id=\"3d4d8d8\" data-element_type=\"widget\" data-e-type=\"widget\" data-settings=\"{&quot;ekit_we_effect_on&quot;:&quot;none&quot;}\" data-widget_type=\"text-editor.default\">\n\t\t\t\t<div class=\"elementor-widget-container\">\n\t\t\t\t\t\t\t\t\t<p class=\"\" data-start=\"56\" data-end=\"224\">Ce site Web est exploit\u00e9 par Frisbii Germany GmbH et Frisbii Media GmbH. La partie responsable du contenu conform\u00e9ment \u00e0 l&rsquo;article 5 de la TMG est Frisbii Germany GmbH.<\/p><p class=\"\" data-start=\"226\" data-end=\"368\"><strong data-start=\"226\" data-end=\"250\">Frisbii Germany GmbH<\/strong><br data-start=\"250\" data-end=\"253\" \/>Mainzer Landstra\u00dfe 51<br data-start=\"274\" data-end=\"277\" \/>60329 Francfort-sur-le-Main<br data-start=\"304\" data-end=\"307\" \/>T\u00e9l\u00e9phone : +49 69 348 7799 20<br data-start=\"337\" data-end=\"340\" \/>E-mail : <a rel=\"noopener\" data-start=\"349\" data-end=\"368\">contact@frisbii.com<\/a><\/p><p class=\"\" data-start=\"370\" data-end=\"435\"><strong data-start=\"370\" data-end=\"391\">Repr\u00e9sent\u00e9e par :<\/strong><br data-start=\"391\" data-end=\"394\" \/>Gregory Herbert, PDG<br data-start=\"414\" data-end=\"417\" \/>Silke Hoersch, CMO<\/p><p class=\"\" data-start=\"437\" data-end=\"582\"><strong data-start=\"437\" data-end=\"466\">Inscription au registre :<\/strong><br data-start=\"466\" data-end=\"469\" \/>Tribunal d&rsquo;enregistrement : Francfort-sur-le-Main<br data-start=\"518\" data-end=\"521\" \/>Num\u00e9ro d&rsquo;immatriculation au registre du commerce : HRB 103534<\/p><p class=\"\" data-start=\"584\" data-end=\"714\"><strong data-start=\"584\" data-end=\"622\">Num\u00e9ro de TVA intracommunautaire :<\/strong><br data-start=\"622\" data-end=\"625\" \/>Num\u00e9ro d&rsquo;identification \u00e0 la TVA<br data-start=\"657\" data-end=\"660\" \/>conform\u00e9ment \u00e0 l&rsquo;article 27 a de la loi sur la TVA :<\/p><p class=\"\" data-start=\"716\" data-end=\"727\">DE303438468<\/p><p class=\"\" data-start=\"729\" data-end=\"828\"><strong data-start=\"729\" data-end=\"807\">Responsable du contenu conform\u00e9ment \u00e0 l&rsquo;article 55, paragraphe 2 du RStV :<\/strong><br data-start=\"807\" data-end=\"810\" \/>Silke Hoersch, CMO<\/p><p class=\"\" data-start=\"830\" data-end=\"948\"><strong data-start=\"830\" data-end=\"852\">Frisbii Media GmbH<\/strong><br data-start=\"852\" data-end=\"855\" \/>K\u00f6nigstra\u00dfe 4<br data-start=\"868\" data-end=\"871\" \/>87435 Kempten<br data-start=\"884\" data-end=\"887\" \/>T\u00e9l\u00e9phone : +49 69 348 7799 20<br data-start=\"917\" data-end=\"920\" \/>E-mail : <a rel=\"noopener\" data-start=\"929\" data-end=\"948\">contact@frisbii.com<\/a><\/p><p class=\"\" data-start=\"950\" data-end=\"1037\"><strong data-start=\"950\" data-end=\"971\">Repr\u00e9sent\u00e9e par :<\/strong><br data-start=\"971\" data-end=\"974\" \/>Gregory Herbert, PDG<br data-start=\"994\" data-end=\"997\" \/>Silke Hoersch, CMO<\/p><p class=\"\" data-start=\"1039\" data-end=\"1169\"><strong data-start=\"1039\" data-end=\"1068\">Inscription au registre :<\/strong><br data-start=\"1068\" data-end=\"1071\" \/>Tribunal d&rsquo;enregistrement : Kempten<br data-start=\"1106\" data-end=\"1109\" \/>Num\u00e9ro d&rsquo;immatriculation au registre du commerce : HRB 15754<\/p><p class=\"\" data-start=\"1171\" data-end=\"1301\"><strong data-start=\"1171\" data-end=\"1209\">Num\u00e9ro de TVA intracommunautaire :<\/strong><br data-start=\"1209\" data-end=\"1212\" \/>Num\u00e9ro d&rsquo;identification \u00e0 la TVA<br data-start=\"1244\" data-end=\"1247\" \/>conform\u00e9ment \u00e0 l&rsquo;article 27 a de la loi sur la TVA :<\/p><p class=\"\" data-start=\"1303\" data-end=\"1313\">DE291948599<\/p><p class=\"\" data-start=\"1315\" data-end=\"1599\"><strong data-start=\"1315\" data-end=\"1366\">R\u00e9f\u00e9rence \u00e0 la r\u00e9solution des litiges de l&rsquo;UE :<\/strong><br data-start=\"1366\" data-end=\"1369\" \/>La Commission europ\u00e9enne met \u00e0 disposition une plateforme de r\u00e9solution des litiges en ligne (RLL) : <a class=\"\" href=\"http:\/\/ec.europa.eu\/consumers\/odr\" target=\"_new\" rel=\"noopener\" data-start=\"1470\" data-end=\"1540\">http:\/\/ec.europa.eu\/consumers\/odr<\/a>.<br data-start=\"1541\" data-end=\"1544\" \/>Notre adresse e-mail figure ci-dessus dans l&rsquo;impressum.<\/p><p class=\"\" data-start=\"1606\" data-end=\"1620\"><strong data-start=\"1606\" data-end=\"1620\">Disclaimer<\/strong><\/p><p class=\"\" data-start=\"1622\" data-end=\"2524\"><strong data-start=\"1622\" data-end=\"1651\">Responsabilit\u00e9 du contenu<\/strong><br data-start=\"1651\" data-end=\"1654\" \/>Le contenu de nos pages a \u00e9t\u00e9 cr\u00e9\u00e9 avec le plus grand soin. Cependant, nous ne pouvons garantir l&rsquo;exactitude, l&rsquo;exhaustivit\u00e9 et l&rsquo;actualit\u00e9 des informations. En tant que fournisseur de services, nous sommes responsables de notre propre contenu sur ces pages conform\u00e9ment aux lois g\u00e9n\u00e9rales en vigueur. Cependant, nous ne sommes pas tenus en tant que fournisseur de services de surveiller les informations transmises ou stock\u00e9es par des tiers, ni d&rsquo;enqu\u00eater sur des circonstances indiquant une activit\u00e9 ill\u00e9gale. Les obligations de retirer ou de bloquer l&rsquo;utilisation d&rsquo;informations conform\u00e9ment aux lois g\u00e9n\u00e9rales demeurent inchang\u00e9es. Toutefois, la responsabilit\u00e9 \u00e0 cet \u00e9gard n&rsquo;est possible qu&rsquo;\u00e0 partir du moment o\u00f9 une infraction concr\u00e8te \u00e0 la loi devient connue. D\u00e8s que nous avons connaissance de telles violations, nous supprimons imm\u00e9diatement le contenu concern\u00e9.<\/p><p class=\"\" data-start=\"2526\" data-end=\"3242\"><strong data-start=\"2526\" data-end=\"2554\">Responsabilit\u00e9 des liens<\/strong><br data-start=\"2554\" data-end=\"2557\" \/>Notre site Web contient des liens vers des sites externes de tiers sur lesquels nous n&rsquo;exer\u00e7ons aucune influence. Par cons\u00e9quent, nous ne pouvons assumer de responsabilit\u00e9 pour ces contenus externes. Le fournisseur ou l&rsquo;op\u00e9rateur respectif des pages est toujours responsable du contenu des pages li\u00e9es. Les pages li\u00e9es ont \u00e9t\u00e9 v\u00e9rifi\u00e9es pour d&rsquo;\u00e9ventuelles violations l\u00e9gales au moment de leur cr\u00e9ation. Aucun contenu ill\u00e9gal n&rsquo;\u00e9tait visible au moment du lien. Cependant, un contr\u00f4le permanent du contenu des pages li\u00e9es n&rsquo;est pas raisonnable sans des indices concrets de violation l\u00e9gale. Si nous avons connaissance de violations l\u00e9gales, nous supprimerons imm\u00e9diatement de tels liens.<\/p><p class=\"\" data-start=\"3244\" data-end=\"4106\"><strong data-start=\"3244\" data-end=\"3263\">Droits d&rsquo;auteur<\/strong><br data-start=\"3263\" data-end=\"3266\" \/>Les contenus et \u0153uvres pr\u00e9sents sur ces pages cr\u00e9\u00e9s par les op\u00e9rateurs du site sont soumis \u00e0 la l\u00e9gislation allemande sur le droit d&rsquo;auteur. La duplication, le traitement, la distribution ou toute forme de commercialisation de tels mat\u00e9riaux au-del\u00e0 du cadre de la loi sur le droit d&rsquo;auteur n\u00e9cessite le consentement \u00e9crit pr\u00e9alable de l&rsquo;auteur ou du cr\u00e9ateur respectif. Les t\u00e9l\u00e9chargements et copies de ce site sont uniquement autoris\u00e9s pour un usage priv\u00e9 et non commercial. Dans la mesure o\u00f9 le contenu de ce site n&rsquo;a pas \u00e9t\u00e9 cr\u00e9\u00e9 par l&rsquo;exploitant, les droits d&rsquo;auteur des tiers sont respect\u00e9s. En particulier, les contenus de tiers sont d\u00e9sign\u00e9s comme tels. Si vous \u00eates n\u00e9anmoins inform\u00e9 d&rsquo;une violation du droit d&rsquo;auteur, veuillez nous en informer. Si nous avons connaissance de violations, nous supprimerons imm\u00e9diatement ce contenu.<\/p><p class=\"\" data-start=\"4108\" data-end=\"4367\"><strong data-start=\"4108\" data-end=\"4134\">Protection des donn\u00e9es<\/strong><br data-start=\"4134\" data-end=\"4137\" \/>Nous tenons \u00e0 souligner que la transmission de donn\u00e9es sur Internet (par exemple, la communication par e-mail) peut pr\u00e9senter des failles de s\u00e9curit\u00e9. Une protection compl\u00e8te des donn\u00e9es contre l&rsquo;acc\u00e8s de tiers n&rsquo;est pas possible.<\/p><p class=\"\" data-start=\"4369\" data-end=\"4792\">L&rsquo;utilisation des coordonn\u00e9es de contact publi\u00e9es dans le cadre de l&rsquo;obligation d&rsquo;impressum par des tiers \u00e0 des fins d&rsquo;envoi de publicit\u00e9 et de documents d&rsquo;information non express\u00e9ment demand\u00e9s est express\u00e9ment interdite. Les exploitants des pages se r\u00e9servent express\u00e9ment le droit de prendre des mesures l\u00e9gales en cas d&rsquo;envoi non sollicit\u00e9 d&rsquo;informations publicitaires, par exemple par des courriers ind\u00e9sirables (spam).<\/p>\t\t\t\t\t\t\t\t<\/div>\n\t\t\t\t<\/div>\n\t\t\t\t\t<\/div>\n\t\t\t\t<\/div>\n\t\t\t\t<\/div>\n\t\t","protected":false},"excerpt":{"rendered":"<p>Imprint Ce site Web est exploit\u00e9 par Frisbii Germany GmbH et Frisbii Media GmbH. La partie responsable du contenu conform\u00e9ment \u00e0 l&rsquo;article 5 de la TMG est Frisbii Germany GmbH. Frisbii Germany GmbHMainzer Landstra\u00dfe 5160329 Francfort-sur-le-MainT\u00e9l\u00e9phone : +49 69 348 7799 20E-mail : contact@frisbii.com Repr\u00e9sent\u00e9e par :Gregory Herbert, PDGSilke Hoersch, CMO Inscription au registre :Tribunal [&hellip;]<\/p>\n","protected":false},"author":3,"featured_media":0,"parent":0,"menu_order":0,"comment_status":"closed","ping_status":"closed","template":"","meta":{"_acf_changed":false,"content-type":"","footnotes":""},"wf_page_folders":[46],"class_list":["post-98252","page","type-page","status-publish","hentry"],"acf":[],"_links":{"self":[{"href":"https:\/\/frisbii.com\/fr\/wp-json\/wp\/v2\/pages\/98252","targetHints":{"allow":["GET"]}}],"collection":[{"href":"https:\/\/frisbii.com\/fr\/wp-json\/wp\/v2\/pages"}],"about":[{"href":"https:\/\/frisbii.com\/fr\/wp-json\/wp\/v2\/types\/page"}],"author":[{"embeddable":true,"href":"https:\/\/frisbii.com\/fr\/wp-json\/wp\/v2\/users\/3"}],"replies":[{"embeddable":true,"href":"https:\/\/frisbii.com\/fr\/wp-json\/wp\/v2\/comments?post=98252"}],"version-history":[{"count":19,"href":"https:\/\/frisbii.com\/fr\/wp-json\/wp\/v2\/pages\/98252\/revisions"}],"predecessor-version":[{"id":117981,"href":"https:\/\/frisbii.com\/fr\/wp-json\/wp\/v2\/pages\/98252\/revisions\/117981"}],"wp:attachment":[{"href":"https:\/\/frisbii.com\/fr\/wp-json\/wp\/v2\/media?parent=98252"}],"wp:term":[{"taxonomy":"wf_page_folders","embeddable":true,"href":"https:\/\/frisbii.com\/fr\/wp-json\/wp\/v2\/wf_page_folders?post=98252"}],"curies":[{"name":"wp","href":"https:\/\/api.w.org\/{rel}","templated":true}]}}