{"id":98250,"date":"2025-02-06T19:35:22","date_gmt":"2025-02-06T18:35:22","guid":{"rendered":"https:\/\/frisbii.com\/imprint\/"},"modified":"2025-11-03T13:24:29","modified_gmt":"2025-11-03T12:24:29","slug":"imprint","status":"publish","type":"page","link":"https:\/\/frisbii.com\/da\/imprint\/","title":{"rendered":"Imprint"},"content":{"rendered":"\t\t<div data-elementor-type=\"wp-page\" data-elementor-id=\"98250\" class=\"elementor elementor-98250 elementor-93315\" wpc-filter-elementor-widget=\"1\" data-elementor-post-type=\"page\">\n\t\t\t\t<div class=\"elementor-element elementor-element-cee96fb e-flex e-con-boxed e-con e-parent\" data-id=\"cee96fb\" data-element_type=\"container\" data-e-type=\"container\" data-settings=\"{&quot;ekit_has_onepagescroll_dot&quot;:&quot;yes&quot;}\">\n\t\t\t\t\t<div class=\"e-con-inner\">\n\t\t\t\t<div class=\"elementor-element elementor-element-3ecc2f5 elementor-widget elementor-widget-heading\" data-id=\"3ecc2f5\" data-element_type=\"widget\" data-e-type=\"widget\" data-settings=\"{&quot;ekit_we_effect_on&quot;:&quot;none&quot;}\" data-widget_type=\"heading.default\">\n\t\t\t\t<div class=\"elementor-widget-container\">\n\t\t\t\t\t<h1 class=\"elementor-heading-title elementor-size-default\">Imprint<\/h1>\t\t\t\t<\/div>\n\t\t\t\t<\/div>\n\t\t\t\t\t<\/div>\n\t\t\t\t<\/div>\n\t\t<div class=\"elementor-element elementor-element-36846ea e-flex e-con-boxed e-con e-parent\" data-id=\"36846ea\" data-element_type=\"container\" data-e-type=\"container\" data-settings=\"{&quot;ekit_has_onepagescroll_dot&quot;:&quot;yes&quot;}\">\n\t\t\t\t\t<div class=\"e-con-inner\">\n\t\t\t\t<div class=\"elementor-element elementor-element-adc3cd1 elementor-widget elementor-widget-text-editor\" data-id=\"adc3cd1\" data-element_type=\"widget\" data-e-type=\"widget\" data-settings=\"{&quot;ekit_we_effect_on&quot;:&quot;none&quot;}\" data-widget_type=\"text-editor.default\">\n\t\t\t\t<div class=\"elementor-widget-container\">\n\t\t\t\t\t\t\t\t\t<p class=\"\" data-start=\"56\" data-end=\"206\">Denne hjemmeside drives af Frisbii Germany GmbH og Frisbii Media GmbH. Den ansvarlige part for indholdet i henhold til \u00a75 TMG er Frisbii Germany GmbH.<\/p><p class=\"\" data-start=\"208\" data-end=\"342\"><strong data-start=\"208\" data-end=\"232\">Frisbii Germany GmbH<\/strong><br data-start=\"232\" data-end=\"235\" \/>Mainzer Landstra\u00dfe 51<br data-start=\"256\" data-end=\"259\" \/>60329 Frankfurt am Main<br data-start=\"282\" data-end=\"285\" \/>Telefon: +49 69 348 7799 20<br data-start=\"312\" data-end=\"315\" \/>E-Mail: <a rel=\"noopener\" data-start=\"323\" data-end=\"342\">contact@frisbii.com<\/a><\/p><p class=\"\" data-start=\"344\" data-end=\"409\"><strong data-start=\"344\" data-end=\"365\">Representeret af:<\/strong><br data-start=\"365\" data-end=\"368\" \/>Gregory Herbert, CEO<br data-start=\"388\" data-end=\"391\" \/>Silke Hoersch, CMO<\/p><p class=\"\" data-start=\"411\" data-end=\"503\"><strong data-start=\"411\" data-end=\"428\">Registrering:<\/strong><br data-start=\"428\" data-end=\"431\" \/>Registreringsret: Frankfurt am Main<br data-start=\"466\" data-end=\"469\" \/>Erhvervsregisternummer: HRB 103534<\/p><p class=\"\" data-start=\"505\" data-end=\"578\"><strong data-start=\"505\" data-end=\"517\">Moms-ID:<\/strong><br data-start=\"517\" data-end=\"520\" \/>Momsregistreringsnummer<br data-start=\"543\" data-end=\"546\" \/>i henhold til \u00a727 a momsloven:<\/p><p class=\"\" data-start=\"580\" data-end=\"591\">DE303438468<\/p><p class=\"\" data-start=\"593\" data-end=\"672\"><strong data-start=\"593\" data-end=\"651\">Ansvarlig for indholdet i henhold til \u00a755 stk. 2 RStV:<\/strong><br data-start=\"651\" data-end=\"654\" \/>Silke Hoersch, CMO<\/p><p class=\"\" data-start=\"674\" data-end=\"788\"><strong data-start=\"674\" data-end=\"696\">Frisbii Media GmbH<\/strong><br data-start=\"696\" data-end=\"699\" \/>K\u00f6nigstra\u00dfe 4<br data-start=\"712\" data-end=\"715\" \/>87435 Kempten<br data-start=\"728\" data-end=\"731\" \/>Telefon: +49 69 348 7799 20<br data-start=\"758\" data-end=\"761\" \/>E-Mail: <a rel=\"noopener\" data-start=\"769\" data-end=\"788\">contact@frisbii.com<\/a><\/p><p class=\"\" data-start=\"790\" data-end=\"877\"><strong data-start=\"790\" data-end=\"811\">Representeret af:<\/strong><br data-start=\"811\" data-end=\"814\" \/>Gregory Herbert, CEO<br data-start=\"834\" data-end=\"837\" \/>Silke Hoersch, CMO<\/p><p class=\"\" data-start=\"879\" data-end=\"960\"><strong data-start=\"879\" data-end=\"896\">Registrering:<\/strong><br data-start=\"896\" data-end=\"899\" \/>Registreringsret: Kempten<br data-start=\"924\" data-end=\"927\" \/>Erhvervsregisternummer: HRB 15754<\/p><p class=\"\" data-start=\"962\" data-end=\"1035\"><strong data-start=\"962\" data-end=\"974\">Moms-ID:<\/strong><br data-start=\"974\" data-end=\"977\" \/>Momsregistreringsnummer<br data-start=\"1000\" data-end=\"1003\" \/>i henhold til \u00a727 a momsloven:<\/p><p class=\"\" data-start=\"1037\" data-end=\"1047\">DE291948599<\/p><p class=\"\" data-start=\"1049\" data-end=\"1306\"><strong data-start=\"1049\" data-end=\"1086\">Henvisning til EU-konfliktl\u00f8sning<\/strong><br data-start=\"1086\" data-end=\"1089\" \/>Den Europ\u00e6iske Kommission stiller en platform til r\u00e5dighed for online tvistbil\u00e6ggelse (OS): <a class=\"\" href=\"http:\/\/ec.europa.eu\/consumers\/odr\" target=\"_new\" rel=\"noopener\" data-start=\"1181\" data-end=\"1251\">http:\/\/ec.europa.eu\/consumers\/odr<\/a>.<br data-start=\"1252\" data-end=\"1255\" \/>Vores e-mailadresse kan findes i imprintet ovenfor.<\/p><p class=\"\" data-start=\"1313\" data-end=\"1336\"><strong data-start=\"1313\" data-end=\"1336\">Ansvarsfraskrivelse<\/strong><\/p><p class=\"\" data-start=\"1338\" data-end=\"2101\"><strong data-start=\"1338\" data-end=\"1360\">Ansvar for indhold<\/strong><br data-start=\"1360\" data-end=\"1363\" \/>Indholdet p\u00e5 vores sider er blevet oprettet med st\u00f8rst muligt omhu. Vi kan dog ikke garantere indholdets korrekthed, fuldst\u00e6ndighed og opdatering. Som tjenesteudbyder er vi ansvarlige for vores eget indhold p\u00e5 disse sider i henhold til de g\u00e6ldende love. Vi er dog ikke forpligtet som tjenesteudbyder til at overv\u00e5ge overf\u00f8rte eller lagrede tredjepartsinformationer eller at unders\u00f8ge forhold, der indikerer ulovlig aktivitet. Forpligtelser til at fjerne eller blokere brugen af informationer i henhold til de generelle love forbliver uber\u00f8rt af dette. Ansvar kan dog kun p\u00e5l\u00e6gges fra det tidspunkt, hvor en konkret lovovertr\u00e6delse bliver kendt. Hvis vi bliver opm\u00e6rksomme p\u00e5 s\u00e5danne overtr\u00e6delser, fjerner vi straks det relevante indhold.<\/p><p class=\"\" data-start=\"2103\" data-end=\"2780\"><strong data-start=\"2103\" data-end=\"2123\">Ansvar for links<\/strong><br data-start=\"2123\" data-end=\"2126\" \/>Vores hjemmeside indeholder links til eksterne hjemmesider fra tredjepart, som vi ikke har indflydelse p\u00e5 indholdet af. Derfor kan vi ikke p\u00e5tage os noget ansvar for disse eksterne indhold. Den respektive udbyder eller operat\u00f8r af siderne er altid ansvarlig for indholdet af de linkede sider. De linkede sider blev kontrolleret for mulige lovovertr\u00e6delser p\u00e5 tidspunktet for linkning. Ulovligt indhold var ikke synligt p\u00e5 tidspunktet for linkning. Permanent overv\u00e5gning af indholdet p\u00e5 de linkede sider er dog ikke rimeligt uden konkrete indikationer p\u00e5 en lovovertr\u00e6delse. Hvis vi bliver opm\u00e6rksomme p\u00e5 lovovertr\u00e6delser, fjerner vi straks s\u00e5danne links.<\/p><p class=\"\" data-start=\"2782\" data-end=\"3543\"><strong data-start=\"2782\" data-end=\"2795\">Ophavsret<\/strong><br data-start=\"2795\" data-end=\"2798\" \/>Indholdet og v\u00e6rkerne p\u00e5 disse sider, der er oprettet af webstedets operat\u00f8rer, er underlagt tysk ophavsret. Kopiering, bearbejdning, distribution eller nogen form for kommercialisering af s\u00e5dant materiale ud over ophavsretslovens omfang kr\u00e6ver forudg\u00e5ende skriftlig tilladelse fra den respektive forfatter eller skaber. Download og kopiering af denne hjemmeside er kun tilladt til privat, ikke-kommercielt brug. I det omfang indholdet p\u00e5 denne hjemmeside ikke er oprettet af operat\u00f8ren, respekteres tredjeparts ophavsretter. Is\u00e6r markeres tredjepartsindhold som s\u00e5dan. Hvis du alligevel bliver opm\u00e6rksom p\u00e5 en ophavsretskr\u00e6nkelse, bedes du informere os herom. Hvis vi bliver opm\u00e6rksomme p\u00e5 nogen overtr\u00e6delser, fjerner vi straks s\u00e5dant indhold.<\/p><p class=\"\" data-start=\"3545\" data-end=\"3760\"><strong data-start=\"3545\" data-end=\"3564\">Databeskyttelse<\/strong><br data-start=\"3564\" data-end=\"3567\" \/>Vi vil gerne g\u00f8re opm\u00e6rksom p\u00e5, at datatransmission p\u00e5 internettet (f.eks. kommunikation via e-mail) kan have sikkerhedshuller. Fuld beskyttelse af data mod adgang fra tredjepart er ikke mulig.<\/p><p class=\"\" data-start=\"3762\" data-end=\"4144\">Brugen af kontaktdata offentliggjort i forbindelse med imprint-forpligtelsen af tredjeparter til at sende reklame- og informationsmateriale, der ikke udtrykkeligt er anmodet om, er hermed udtrykkeligt forbudt. Operat\u00f8rerne af siderne forbeholder sig udtrykkeligt retten til at tage retslige skridt i tilf\u00e6lde af uopfordret sending af reklameinformation, for eksempel via spam-mails.<\/p>\t\t\t\t\t\t\t\t<\/div>\n\t\t\t\t<\/div>\n\t\t\t\t\t<\/div>\n\t\t\t\t<\/div>\n\t\t\t\t<\/div>\n\t\t","protected":false},"excerpt":{"rendered":"<p>Imprint Denne hjemmeside drives af Frisbii Germany GmbH og Frisbii Media GmbH. Den ansvarlige part for indholdet i henhold til \u00a75 TMG er Frisbii Germany GmbH. Frisbii Germany GmbHMainzer Landstra\u00dfe 5160329 Frankfurt am MainTelefon: +49 69 348 7799 20E-Mail: contact@frisbii.com Representeret af:Gregory Herbert, CEOSilke Hoersch, CMO Registrering:Registreringsret: Frankfurt am MainErhvervsregisternummer: HRB 103534 Moms-ID:Momsregistreringsnummeri henhold til [&hellip;]<\/p>\n","protected":false},"author":3,"featured_media":0,"parent":0,"menu_order":0,"comment_status":"closed","ping_status":"closed","template":"","meta":{"_acf_changed":false,"content-type":"","footnotes":""},"wf_page_folders":[46],"class_list":["post-98250","page","type-page","status-publish","hentry"],"acf":[],"_links":{"self":[{"href":"https:\/\/frisbii.com\/da\/wp-json\/wp\/v2\/pages\/98250","targetHints":{"allow":["GET"]}}],"collection":[{"href":"https:\/\/frisbii.com\/da\/wp-json\/wp\/v2\/pages"}],"about":[{"href":"https:\/\/frisbii.com\/da\/wp-json\/wp\/v2\/types\/page"}],"author":[{"embeddable":true,"href":"https:\/\/frisbii.com\/da\/wp-json\/wp\/v2\/users\/3"}],"replies":[{"embeddable":true,"href":"https:\/\/frisbii.com\/da\/wp-json\/wp\/v2\/comments?post=98250"}],"version-history":[{"count":22,"href":"https:\/\/frisbii.com\/da\/wp-json\/wp\/v2\/pages\/98250\/revisions"}],"predecessor-version":[{"id":117978,"href":"https:\/\/frisbii.com\/da\/wp-json\/wp\/v2\/pages\/98250\/revisions\/117978"}],"wp:attachment":[{"href":"https:\/\/frisbii.com\/da\/wp-json\/wp\/v2\/media?parent=98250"}],"wp:term":[{"taxonomy":"wf_page_folders","embeddable":true,"href":"https:\/\/frisbii.com\/da\/wp-json\/wp\/v2\/wf_page_folders?post=98250"}],"curies":[{"name":"wp","href":"https:\/\/api.w.org\/{rel}","templated":true}]}}