{"id":101338,"date":"2025-03-11T09:27:59","date_gmt":"2025-03-11T08:27:59","guid":{"rendered":"https:\/\/frisbii.com\/signup\/"},"modified":"2025-12-10T16:05:04","modified_gmt":"2025-12-10T15:05:04","slug":"signup","status":"publish","type":"page","link":"https:\/\/frisbii.com\/da\/signup\/","title":{"rendered":"Frisbii Signup Page"},"content":{"rendered":"\t\t<div data-elementor-type=\"wp-page\" data-elementor-id=\"101338\" class=\"elementor elementor-101338 elementor-98450\" wpc-filter-elementor-widget=\"1\" data-elementor-post-type=\"page\">\n\t\t\t\t<div class=\"elementor-element elementor-element-069882a e-flex e-con-boxed e-con e-parent\" data-id=\"069882a\" data-element_type=\"container\" data-e-type=\"container\" data-settings=\"{&quot;background_background&quot;:&quot;gradient&quot;,&quot;ekit_has_onepagescroll_dot&quot;:&quot;yes&quot;}\">\n\t\t\t\t\t<div class=\"e-con-inner\">\n\t\t<div class=\"elementor-element elementor-element-979a590 e-con-full e-flex e-con e-child\" data-id=\"979a590\" data-element_type=\"container\" data-e-type=\"container\" data-settings=\"{&quot;ekit_has_onepagescroll_dot&quot;:&quot;yes&quot;}\">\n\t\t\t\t<div class=\"elementor-element elementor-element-c35df0a elementor-invisible elementor-widget elementor-widget-heading\" data-id=\"c35df0a\" data-element_type=\"widget\" data-e-type=\"widget\" data-settings=\"{&quot;_animation&quot;:&quot;fadeIn&quot;,&quot;ekit_we_effect_on&quot;:&quot;none&quot;}\" data-widget_type=\"heading.default\">\n\t\t\t\t<div class=\"elementor-widget-container\">\n\t\t\t\t\t<h1 class=\"elementor-heading-title elementor-size-default\">Opret dig for en gratis testkonto<\/h1>\t\t\t\t<\/div>\n\t\t\t\t<\/div>\n\t\t<div class=\"elementor-element elementor-element-dcdcdd1 e-con-full glass-hiring e-flex e-con e-child\" data-id=\"dcdcdd1\" data-element_type=\"container\" data-e-type=\"container\" data-settings=\"{&quot;background_background&quot;:&quot;classic&quot;,&quot;ekit_has_onepagescroll_dot&quot;:&quot;yes&quot;}\">\n\t\t\t\t<div class=\"elementor-element elementor-element-2f6dd46 elementor-view-default elementor-widget elementor-widget-icon\" data-id=\"2f6dd46\" data-element_type=\"widget\" data-e-type=\"widget\" data-settings=\"{&quot;ekit_we_effect_on&quot;:&quot;none&quot;}\" data-widget_type=\"icon.default\">\n\t\t\t\t<div class=\"elementor-widget-container\">\n\t\t\t\t\t\t\t<div class=\"elementor-icon-wrapper\">\n\t\t\t<div class=\"elementor-icon\">\n\t\t\t<svg xmlns=\"http:\/\/www.w3.org\/2000\/svg\" viewBox=\"0 0 256 512\"><path class=\"fa-secondary\" opacity=\".4\" d=\"M160 64c0-11.8-6.5-22.6-16.9-28.2s-23-5-32.8 1.6l-96 64C-.5 111.2-4.4 131 5.4 145.8s29.7 18.7 44.4 8.9L96 123.8 96 416l-64 0c-17.7 0-32 14.3-32 32s14.3 32 32 32l96 0 96 0c17.7 0 32-14.3 32-32s-14.3-32-32-32l-64 0 0-352z\"><\/path><path class=\"fa-primary\" d=\"\"><\/path><\/svg>\t\t\t<\/div>\n\t\t<\/div>\n\t\t\t\t\t\t<\/div>\n\t\t\t\t<\/div>\n\t\t\t\t<div class=\"elementor-element elementor-element-d44aca4 elementor-widget__width-initial elementor-cta--skin-classic elementor-animated-content elementor-bg-transform elementor-bg-transform-zoom-in elementor-widget elementor-widget-call-to-action\" data-id=\"d44aca4\" data-element_type=\"widget\" data-e-type=\"widget\" data-settings=\"{&quot;ekit_we_effect_on&quot;:&quot;none&quot;}\" data-widget_type=\"call-to-action.default\">\n\t\t\t\t<div class=\"elementor-widget-container\">\n\t\t\t\t\t\t\t<div class=\"elementor-cta\">\n\t\t\t\t\t\t\t<div class=\"elementor-cta__content\">\n\t\t\t\t\n\t\t\t\t\t\t\t\t\t<h5 class=\"elementor-cta__title elementor-cta__content-item elementor-content-item\">\n\t\t\t\t\t\tOpret en gratis testkonto\t\t\t\t\t<\/h5>\n\t\t\t\t\n\t\t\t\t\t\t\t\t\t<div class=\"elementor-cta__description elementor-cta__content-item elementor-content-item\">\n\t\t\t\t\t\tKonfigurer dine abonnementer, betalinger og faktureringer med end-to-end test og f\u00e5 hj\u00e6lp i vores app med videoer og dokumentation. \t\t\t\t\t<\/div>\n\t\t\t\t\n\t\t\t\t\t\t\t<\/div>\n\t\t\t\t\t\t<\/div>\n\t\t\t\t\t\t<\/div>\n\t\t\t\t<\/div>\n\t\t\t\t<\/div>\n\t\t<div class=\"elementor-element elementor-element-ede5542 e-con-full glass-hiring e-flex e-con e-child\" data-id=\"ede5542\" data-element_type=\"container\" data-e-type=\"container\" data-settings=\"{&quot;background_background&quot;:&quot;classic&quot;,&quot;ekit_has_onepagescroll_dot&quot;:&quot;yes&quot;}\">\n\t\t\t\t<div class=\"elementor-element elementor-element-414a06f elementor-view-default elementor-widget elementor-widget-icon\" data-id=\"414a06f\" data-element_type=\"widget\" data-e-type=\"widget\" data-settings=\"{&quot;ekit_we_effect_on&quot;:&quot;none&quot;}\" data-widget_type=\"icon.default\">\n\t\t\t\t<div class=\"elementor-widget-container\">\n\t\t\t\t\t\t\t<div class=\"elementor-icon-wrapper\">\n\t\t\t<div class=\"elementor-icon\">\n\t\t\t<svg xmlns=\"http:\/\/www.w3.org\/2000\/svg\" viewBox=\"0 0 320 512\"><path class=\"fa-secondary\" opacity=\".4\" d=\"M142.9 96c-21.5 0-42.2 8.5-57.4 23.8L54.6 150.6c-12.5 12.5-32.8 12.5-45.3 0s-12.5-32.8 0-45.3L40.2 74.5C67.5 47.3 104.4 32 142.9 32C223 32 288 97 288 177.1c0 38.5-15.3 75.4-42.5 102.6L109.3 416 288 416c17.7 0 32 14.3 32 32s-14.3 32-32 32L32 480c-12.9 0-24.6-7.8-29.6-19.8s-2.2-25.7 6.9-34.9L200.2 234.5c15.2-15.2 23.8-35.9 23.8-57.4c0-44.8-36.3-81.1-81.1-81.1z\"><\/path><path class=\"fa-primary\" d=\"\"><\/path><\/svg>\t\t\t<\/div>\n\t\t<\/div>\n\t\t\t\t\t\t<\/div>\n\t\t\t\t<\/div>\n\t\t\t\t<div class=\"elementor-element elementor-element-108dd17 elementor-widget__width-initial elementor-cta--skin-classic elementor-animated-content elementor-bg-transform elementor-bg-transform-zoom-in elementor-widget elementor-widget-call-to-action\" data-id=\"108dd17\" data-element_type=\"widget\" data-e-type=\"widget\" data-settings=\"{&quot;ekit_we_effect_on&quot;:&quot;none&quot;}\" data-widget_type=\"call-to-action.default\">\n\t\t\t\t<div class=\"elementor-widget-container\">\n\t\t\t\t\t\t\t<div class=\"elementor-cta\">\n\t\t\t\t\t\t\t<div class=\"elementor-cta__content\">\n\t\t\t\t\n\t\t\t\t\t\t\t\t\t<h5 class=\"elementor-cta__title elementor-cta__content-item elementor-content-item\">\n\t\t\t\t\t\tAns\u00f8g om indl\u00f8ser-aftale for at modtage betalingskort\t\t\t\t\t<\/h5>\n\t\t\t\t\n\t\t\t\t\t\t\t\t\t<div class=\"elementor-cta__description elementor-cta__content-item elementor-content-item\">\n\t\t\t\t\t\tVi guider dig gennem en indl\u00f8sningsaftale for optimal betalingsmetoder, s\u00e5 det matcher dit behov. Se alle vores betalignsmetoder i vores l\u00f8sning.  \t\t\t\t\t<\/div>\n\t\t\t\t\n\t\t\t\t\t\t\t<\/div>\n\t\t\t\t\t\t<\/div>\n\t\t\t\t\t\t<\/div>\n\t\t\t\t<\/div>\n\t\t\t\t<\/div>\n\t\t<div class=\"elementor-element elementor-element-f54b8f4 e-con-full glass-hiring e-flex e-con e-child\" data-id=\"f54b8f4\" data-element_type=\"container\" data-e-type=\"container\" data-settings=\"{&quot;background_background&quot;:&quot;classic&quot;,&quot;ekit_has_onepagescroll_dot&quot;:&quot;yes&quot;}\">\n\t\t\t\t<div class=\"elementor-element elementor-element-67a8c30 elementor-view-default elementor-widget elementor-widget-icon\" data-id=\"67a8c30\" data-element_type=\"widget\" data-e-type=\"widget\" data-settings=\"{&quot;ekit_we_effect_on&quot;:&quot;none&quot;}\" data-widget_type=\"icon.default\">\n\t\t\t\t<div class=\"elementor-widget-container\">\n\t\t\t\t\t\t\t<div class=\"elementor-icon-wrapper\">\n\t\t\t<div class=\"elementor-icon\">\n\t\t\t<svg xmlns=\"http:\/\/www.w3.org\/2000\/svg\" viewBox=\"0 0 320 512\"><path class=\"fa-secondary\" opacity=\".4\" d=\"M0 64C0 46.3 14.3 32 32 32l240 0c13.2 0 25 8.1 29.8 20.4s1.5 26.3-8.2 35.2L162.3 208l21.7 0c75.1 0 136 60.9 136 136s-60.9 136-136 136l-78.6 0C63 480 24.2 456 5.3 418.1l-1.9-3.8c-7.9-15.8-1.5-35 14.3-42.9s35-1.5 42.9 14.3l1.9 3.8c8.1 16.3 24.8 26.5 42.9 26.5l78.6 0c39.8 0 72-32.2 72-72s-32.2-72-72-72L80 272c-13.2 0-25-8.1-29.8-20.4s-1.5-26.3 8.2-35.2L189.7 96 32 96C14.3 96 0 81.7 0 64z\"><\/path><path class=\"fa-primary\" d=\"\"><\/path><\/svg>\t\t\t<\/div>\n\t\t<\/div>\n\t\t\t\t\t\t<\/div>\n\t\t\t\t<\/div>\n\t\t\t\t<div class=\"elementor-element elementor-element-638ccbe elementor-widget__width-initial elementor-cta--skin-classic elementor-animated-content elementor-bg-transform elementor-bg-transform-zoom-in elementor-widget elementor-widget-call-to-action\" data-id=\"638ccbe\" data-element_type=\"widget\" data-e-type=\"widget\" data-settings=\"{&quot;ekit_we_effect_on&quot;:&quot;none&quot;}\" data-widget_type=\"call-to-action.default\">\n\t\t\t\t<div class=\"elementor-widget-container\">\n\t\t\t\t\t\t\t<div class=\"elementor-cta\">\n\t\t\t\t\t\t\t<div class=\"elementor-cta__content\">\n\t\t\t\t\n\t\t\t\t\t\t\t\t\t<h5 class=\"elementor-cta__title elementor-cta__content-item elementor-content-item\">\n\t\t\t\t\t\tIntegrer din konto\t\t\t\t\t<\/h5>\n\t\t\t\t\n\t\t\t\t\t\t\t\t\t<div class=\"elementor-cta__description elementor-cta__content-item elementor-content-item\">\n\t\t\t\t\t\tDu kan v\u00e6lge at benytte fores API, plugsin til de st\u00f8rste e-commerce eller benytte vores betalingslinks for at integrere dit betalingsflow. \t\t\t\t\t<\/div>\n\t\t\t\t\n\t\t\t\t\t\t\t<\/div>\n\t\t\t\t\t\t<\/div>\n\t\t\t\t\t\t<\/div>\n\t\t\t\t<\/div>\n\t\t\t\t<\/div>\n\t\t<div class=\"elementor-element elementor-element-c6a0098 e-con-full glass-hiring e-flex e-con e-child\" data-id=\"c6a0098\" data-element_type=\"container\" data-e-type=\"container\" data-settings=\"{&quot;background_background&quot;:&quot;classic&quot;,&quot;ekit_has_onepagescroll_dot&quot;:&quot;yes&quot;}\">\n\t\t\t\t<div class=\"elementor-element elementor-element-8cd7ec5 elementor-view-default elementor-widget elementor-widget-icon\" data-id=\"8cd7ec5\" data-element_type=\"widget\" data-e-type=\"widget\" data-settings=\"{&quot;ekit_we_effect_on&quot;:&quot;none&quot;}\" data-widget_type=\"icon.default\">\n\t\t\t\t<div class=\"elementor-widget-container\">\n\t\t\t\t\t\t\t<div class=\"elementor-icon-wrapper\">\n\t\t\t<div class=\"elementor-icon\">\n\t\t\t<svg xmlns=\"http:\/\/www.w3.org\/2000\/svg\" viewBox=\"0 0 384 512\"><path class=\"fa-secondary\" opacity=\".4\" d=\"M189 77.6c7.5-16 .7-35.1-15.3-42.6s-35.1-.7-42.6 15.3L3 322.4c-4.7 9.9-3.9 21.5 1.9 30.8S21 368 32 368l224 0 0 80c0 17.7 14.3 32 32 32s32-14.3 32-32l0-80 32 0c17.7 0 32-14.3 32-32s-14.3-32-32-32l-32 0 0-144c0-17.7-14.3-32-32-32s-32 14.3-32 32l0 144L82.4 304 189 77.6z\"><\/path><path class=\"fa-primary\" d=\"\"><\/path><\/svg>\t\t\t<\/div>\n\t\t<\/div>\n\t\t\t\t\t\t<\/div>\n\t\t\t\t<\/div>\n\t\t\t\t<div class=\"elementor-element elementor-element-d027f13 elementor-widget__width-initial elementor-cta--skin-classic elementor-animated-content elementor-bg-transform elementor-bg-transform-zoom-in elementor-widget elementor-widget-call-to-action\" data-id=\"d027f13\" data-element_type=\"widget\" data-e-type=\"widget\" data-settings=\"{&quot;ekit_we_effect_on&quot;:&quot;none&quot;}\" data-widget_type=\"call-to-action.default\">\n\t\t\t\t<div class=\"elementor-widget-container\">\n\t\t\t\t\t\t\t<div class=\"elementor-cta\">\n\t\t\t\t\t\t\t<div class=\"elementor-cta__content\">\n\t\t\t\t\n\t\t\t\t\t\t\t\t\t<h5 class=\"elementor-cta__title elementor-cta__content-item elementor-content-item\">\n\t\t\t\t\t\tAktiver din konto \u2013 Go Live\t\t\t\t\t<\/h5>\n\t\t\t\t\n\t\t\t\t\t\t\t\t\t<div class=\"elementor-cta__description elementor-cta__content-item elementor-content-item\">\n\t\t\t\t\t\tAktiver din konto med dine foretrukne betalingsmetoder og g\u00f8r dig klar til at modtage den f\u00f8rste rigtige transaktion. Dette vil ogs\u00e5 starte dit abonnement. \t\t\t\t\t<\/div>\n\t\t\t\t\n\t\t\t\t\t\t\t<\/div>\n\t\t\t\t\t\t<\/div>\n\t\t\t\t\t\t<\/div>\n\t\t\t\t<\/div>\n\t\t\t\t<\/div>\n\t\t<div class=\"elementor-element elementor-element-06620ab e-con-full glass-hiring e-flex e-con e-child\" data-id=\"06620ab\" data-element_type=\"container\" data-e-type=\"container\" data-settings=\"{&quot;background_background&quot;:&quot;classic&quot;,&quot;ekit_has_onepagescroll_dot&quot;:&quot;yes&quot;}\">\n\t\t\t\t<div class=\"elementor-element elementor-element-429d066 elementor-view-default elementor-widget elementor-widget-icon\" data-id=\"429d066\" data-element_type=\"widget\" data-e-type=\"widget\" data-settings=\"{&quot;ekit_we_effect_on&quot;:&quot;none&quot;}\" data-widget_type=\"icon.default\">\n\t\t\t\t<div class=\"elementor-widget-container\">\n\t\t\t\t\t\t\t<div class=\"elementor-icon-wrapper\">\n\t\t\t<div class=\"elementor-icon\">\n\t\t\t<svg xmlns=\"http:\/\/www.w3.org\/2000\/svg\" viewBox=\"0 0 320 512\"><path class=\"fa-secondary\" opacity=\".4\" d=\"M32.5 58.3C35.3 43.1 48.5 32 64 32l192 0c17.7 0 32 14.3 32 32s-14.3 32-32 32L90.7 96 70.3 208 184 208c75.1 0 136 60.9 136 136s-60.9 136-136 136l-83.5 0c-39.4 0-75.4-22.3-93-57.5l-4.1-8.2c-7.9-15.8-1.5-35 14.3-42.9s35-1.5 42.9 14.3l4.1 8.2c6.8 13.6 20.6 22.1 35.8 22.1l83.5 0c39.8 0 72-32.2 72-72s-32.2-72-72-72L32 272c-9.5 0-18.5-4.2-24.6-11.5s-8.6-16.9-6.9-26.2l32-176z\"><\/path><path class=\"fa-primary\" d=\"\"><\/path><\/svg>\t\t\t<\/div>\n\t\t<\/div>\n\t\t\t\t\t\t<\/div>\n\t\t\t\t<\/div>\n\t\t\t\t<div class=\"elementor-element elementor-element-2cdc2c8 elementor-widget__width-initial elementor-cta--skin-classic elementor-animated-content elementor-bg-transform elementor-bg-transform-zoom-in elementor-widget elementor-widget-call-to-action\" data-id=\"2cdc2c8\" data-element_type=\"widget\" data-e-type=\"widget\" data-settings=\"{&quot;ekit_we_effect_on&quot;:&quot;none&quot;}\" data-widget_type=\"call-to-action.default\">\n\t\t\t\t<div class=\"elementor-widget-container\">\n\t\t\t\t\t\t\t<div class=\"elementor-cta\">\n\t\t\t\t\t\t\t<div class=\"elementor-cta__content\">\n\t\t\t\t\n\t\t\t\t\t\t\t\t\t<h5 class=\"elementor-cta__title elementor-cta__content-item elementor-content-item\">\n\t\t\t\t\t\tDaglig opg\u00f8relse over oms\u00e6tning\t\t\t\t\t<\/h5>\n\t\t\t\t\n\t\t\t\t\t\t\t\t\t<div class=\"elementor-cta__description elementor-cta__content-item elementor-content-item\">\n\t\t\t\t\t\tBenyt vores dashboards, hvormed du kan holde \u00f8je med din intjening p\u00e5 b\u00e5de abonnementer og enkelt transaktioner for hver kunde for at danne det fulde overblik over din forretning. \t\t\t\t\t<\/div>\n\t\t\t\t\n\t\t\t\t\t\t\t<\/div>\n\t\t\t\t\t\t<\/div>\n\t\t\t\t\t\t<\/div>\n\t\t\t\t<\/div>\n\t\t\t\t<\/div>\n\t\t\t\t<\/div>\n\t\t<div class=\"elementor-element elementor-element-cf71ad4 e-con-full glass-hiring-3 e-flex e-con e-child\" data-id=\"cf71ad4\" data-element_type=\"container\" data-e-type=\"container\" data-settings=\"{&quot;background_background&quot;:&quot;classic&quot;,&quot;ekit_has_onepagescroll_dot&quot;:&quot;yes&quot;}\">\n\t\t<div class=\"elementor-element elementor-element-3e2ea9b e-con-full e-flex e-con e-child\" data-id=\"3e2ea9b\" data-element_type=\"container\" data-e-type=\"container\" data-settings=\"{&quot;background_background&quot;:&quot;classic&quot;,&quot;ekit_has_onepagescroll_dot&quot;:&quot;yes&quot;}\">\n\t\t\t\t<div class=\"elementor-element elementor-element-e652562 elementor-widget elementor-widget-html\" data-id=\"e652562\" data-element_type=\"widget\" data-e-type=\"widget\" data-settings=\"{&quot;ekit_we_effect_on&quot;:&quot;none&quot;}\" data-widget_type=\"html.default\">\n\t\t\t\t<div class=\"elementor-widget-container\">\n\t\t\t\t\t<script src=\"https:\/\/assets.reepay.com\/javascript\/signup\/index.js\"><\/script>\t\t\t\t<\/div>\n\t\t\t\t<\/div>\n\t\t\t\t<\/div>\n\t\t<div class=\"elementor-element elementor-element-d8fe8e0 e-con-full e-flex e-con e-child\" data-id=\"d8fe8e0\" data-element_type=\"container\" data-e-type=\"container\" data-settings=\"{&quot;ekit_has_onepagescroll_dot&quot;:&quot;yes&quot;}\">\n\t\t\t\t<div class=\"elementor-element elementor-element-631632b elementor-invisible elementor-widget elementor-widget-icon-box\" data-id=\"631632b\" data-element_type=\"widget\" data-e-type=\"widget\" data-settings=\"{&quot;_animation&quot;:&quot;fadeInUp&quot;,&quot;ekit_we_effect_on&quot;:&quot;none&quot;}\" data-widget_type=\"icon-box.default\">\n\t\t\t\t<div class=\"elementor-widget-container\">\n\t\t\t\t\t\t\t<div class=\"elementor-icon-box-wrapper\">\n\n\t\t\t\n\t\t\t\t\t\t<div class=\"elementor-icon-box-content\">\n\n\t\t\t\t\t\t\t\t\t<h2 class=\"elementor-icon-box-title\">\n\t\t\t\t\t\t<span  >\n\t\t\t\t\t\t\tOpret din gratis testkonto \t\t\t\t\t\t<\/span>\n\t\t\t\t\t<\/h2>\n\t\t\t\t\n\t\t\t\t\n\t\t\t<\/div>\n\t\t\t\n\t\t<\/div>\n\t\t\t\t\t\t<\/div>\n\t\t\t\t<\/div>\n\t\t\t\t<\/div>\n\t\t<div class=\"elementor-element elementor-element-d05a1ad e-con-full e-flex e-con e-child\" data-id=\"d05a1ad\" data-element_type=\"container\" data-e-type=\"container\" data-settings=\"{&quot;ekit_has_onepagescroll_dot&quot;:&quot;yes&quot;}\">\n\t\t\t\t<div class=\"elementor-element elementor-element-1c22c35 elementor-widget elementor-widget-html\" data-id=\"1c22c35\" data-element_type=\"widget\" data-e-type=\"widget\" data-settings=\"{&quot;ekit_we_effect_on&quot;:&quot;none&quot;}\" data-widget_type=\"html.default\">\n\t\t\t\t<div class=\"elementor-widget-container\">\n\t\t\t\t\t<script charset=\"utf-8\" type=\"text\/javascript\" src=\"\/\/js-eu1.hsforms.net\/forms\/embed\/v2.js\"><\/script>\r\n<script>\r\n  hbspt.forms.create({\r\n    portalId: \"3970785\",\r\n    formId: \"dd703e51-56e9-4518-894f-842a03f0a1a6\",\r\n    region: \"eu1\"\r\n  });\r\n<\/script>\t\t\t\t<\/div>\n\t\t\t\t<\/div>\n\t\t\t\t<\/div>\n\t\t<div class=\"elementor-element elementor-element-edbcc24 e-con-full e-flex e-con e-child\" data-id=\"edbcc24\" data-element_type=\"container\" data-e-type=\"container\" data-settings=\"{&quot;ekit_has_onepagescroll_dot&quot;:&quot;yes&quot;}\">\n\t\t\t\t<div class=\"elementor-element elementor-element-a92c94b elementor-widget elementor-widget-html\" data-id=\"a92c94b\" data-element_type=\"widget\" data-e-type=\"widget\" data-settings=\"{&quot;ekit_we_effect_on&quot;:&quot;none&quot;}\" data-widget_type=\"html.default\">\n\t\t\t\t<div class=\"elementor-widget-container\">\n\t\t\t\t\t<style>\n\t@import url(\"https:\/\/assets.reepay.com\/css\/signup\/index.css\");\n<\/style>\t\t\t\t<\/div>\n\t\t\t\t<\/div>\n\t\t\t\t<\/div>\n\t\t\t\t<\/div>\n\t\t\t\t<div class=\"elementor-element elementor-element-00c3d28 elementor-widget__width-auto elementor-absolute elementor-hidden-tablet elementor-hidden-mobile_extra elementor-hidden-mobile elementor-view-default elementor-invisible elementor-widget elementor-widget-icon\" data-id=\"00c3d28\" data-element_type=\"widget\" data-e-type=\"widget\" data-settings=\"{&quot;motion_fx_motion_fx_scrolling&quot;:&quot;yes&quot;,&quot;motion_fx_translateY_effect&quot;:&quot;yes&quot;,&quot;motion_fx_translateY_direction&quot;:&quot;negative&quot;,&quot;motion_fx_opacity_effect&quot;:&quot;yes&quot;,&quot;_position&quot;:&quot;absolute&quot;,&quot;_animation&quot;:&quot;fadeInRight&quot;,&quot;ekit_we_effect_on&quot;:&quot;none&quot;,&quot;motion_fx_translateY_speed&quot;:{&quot;unit&quot;:&quot;px&quot;,&quot;size&quot;:4,&quot;sizes&quot;:[]},&quot;motion_fx_translateY_affectedRange&quot;:{&quot;unit&quot;:&quot;%&quot;,&quot;size&quot;:&quot;&quot;,&quot;sizes&quot;:{&quot;start&quot;:0,&quot;end&quot;:100}},&quot;motion_fx_opacity_direction&quot;:&quot;out-in&quot;,&quot;motion_fx_opacity_level&quot;:{&quot;unit&quot;:&quot;px&quot;,&quot;size&quot;:10,&quot;sizes&quot;:[]},&quot;motion_fx_opacity_range&quot;:{&quot;unit&quot;:&quot;%&quot;,&quot;size&quot;:&quot;&quot;,&quot;sizes&quot;:{&quot;start&quot;:20,&quot;end&quot;:80}},&quot;motion_fx_devices&quot;:[&quot;widescreen&quot;,&quot;desktop&quot;,&quot;laptop&quot;,&quot;tablet_extra&quot;,&quot;tablet&quot;,&quot;mobile_extra&quot;,&quot;mobile&quot;]}\" data-widget_type=\"icon.default\">\n\t\t\t\t<div class=\"elementor-widget-container\">\n\t\t\t\t\t\t\t<div class=\"elementor-icon-wrapper\">\n\t\t\t<div class=\"elementor-icon\">\n\t\t\t<svg xmlns=\"http:\/\/www.w3.org\/2000\/svg\" width=\"688\" height=\"1044\" viewBox=\"0 0 688 1044\" fill=\"none\"><path d=\"M175.509 29C175.509 29 -35.7705 168.68 49.1095 346.8C123.389 502.64 392.03 378.64 472.43 325.08C505.43 303.12 530.029 270.4 540.709 232.24C555.109 180.68 514.509 113.08 396.069 153.2C158.189 233.8 162.189 564.28 360.109 582.28C499.469 594.96 585.31 548.12 623.87 519.32C643.87 504.4 656.789 481.64 658.509 456.76C660.829 422.76 605.989 409.88 522.029 462.36C333.069 580.44 264.189 829.52 324.149 1014.72\" stroke=\"url(#paint0_linear_498_15566)\" stroke-width=\"57.6\" stroke-miterlimit=\"10\" stroke-linecap=\"round\"><\/path><defs><linearGradient id=\"paint0_linear_498_15566\" x1=\"343.79\" y1=\"29\" x2=\"343.79\" y2=\"1014.72\" gradientUnits=\"userSpaceOnUse\"><stop stop-color=\"white\" stop-opacity=\"0\"><\/stop><stop offset=\"0.5\" stop-color=\"white\" stop-opacity=\"0.7\"><\/stop><stop offset=\"1\" stop-color=\"white\" stop-opacity=\"0\"><\/stop><\/linearGradient><\/defs><\/svg>\t\t\t<\/div>\n\t\t<\/div>\n\t\t\t\t\t\t<\/div>\n\t\t\t\t<\/div>\n\t\t\t\t<div class=\"elementor-element elementor-element-8914104 elementor-widget__width-auto elementor-absolute elementor-hidden-tablet_extra elementor-hidden-tablet elementor-hidden-mobile_extra elementor-hidden-mobile elementor-view-default elementor-invisible elementor-widget elementor-widget-icon\" data-id=\"8914104\" data-element_type=\"widget\" data-e-type=\"widget\" data-settings=\"{&quot;motion_fx_motion_fx_scrolling&quot;:&quot;yes&quot;,&quot;motion_fx_translateY_effect&quot;:&quot;yes&quot;,&quot;motion_fx_translateY_direction&quot;:&quot;negative&quot;,&quot;motion_fx_opacity_effect&quot;:&quot;yes&quot;,&quot;_position&quot;:&quot;absolute&quot;,&quot;_animation&quot;:&quot;fadeInLeft&quot;,&quot;motion_fx_opacity_level&quot;:{&quot;unit&quot;:&quot;px&quot;,&quot;size&quot;:7.3,&quot;sizes&quot;:[]},&quot;ekit_we_effect_on&quot;:&quot;none&quot;,&quot;motion_fx_translateY_speed&quot;:{&quot;unit&quot;:&quot;px&quot;,&quot;size&quot;:4,&quot;sizes&quot;:[]},&quot;motion_fx_translateY_affectedRange&quot;:{&quot;unit&quot;:&quot;%&quot;,&quot;size&quot;:&quot;&quot;,&quot;sizes&quot;:{&quot;start&quot;:0,&quot;end&quot;:100}},&quot;motion_fx_opacity_direction&quot;:&quot;out-in&quot;,&quot;motion_fx_opacity_range&quot;:{&quot;unit&quot;:&quot;%&quot;,&quot;size&quot;:&quot;&quot;,&quot;sizes&quot;:{&quot;start&quot;:20,&quot;end&quot;:80}},&quot;motion_fx_devices&quot;:[&quot;widescreen&quot;,&quot;desktop&quot;,&quot;laptop&quot;,&quot;tablet_extra&quot;,&quot;tablet&quot;,&quot;mobile_extra&quot;,&quot;mobile&quot;]}\" data-widget_type=\"icon.default\">\n\t\t\t\t<div class=\"elementor-widget-container\">\n\t\t\t\t\t\t\t<div class=\"elementor-icon-wrapper\">\n\t\t\t<div class=\"elementor-icon\">\n\t\t\t<svg xmlns=\"http:\/\/www.w3.org\/2000\/svg\" id=\"f951c435-55d4-403f-9a5e-88f71bc19142\" data-name=\"Layer 1\" width=\"75.1034\" height=\"75.1034\" viewBox=\"0 0 75.1034 75.1034\"><circle cx=\"37.5517\" cy=\"37.5517\" r=\"37.5517\"><\/circle><\/svg>\t\t\t<\/div>\n\t\t<\/div>\n\t\t\t\t\t\t<\/div>\n\t\t\t\t<\/div>\n\t\t\t\t\t<\/div>\n\t\t\t\t<\/div>\n\t\t\t\t<\/div>\n\t\t","protected":false},"excerpt":{"rendered":"<p>Opret dig for en gratis testkonto Opret en gratis testkonto Konfigurer dine abonnementer, betalinger og faktureringer med end-to-end test og f\u00e5 hj\u00e6lp i vores app med videoer og dokumentation. Ans\u00f8g om indl\u00f8ser-aftale for at modtage betalingskort Vi guider dig gennem en indl\u00f8sningsaftale for optimal betalingsmetoder, s\u00e5 det matcher dit behov. Se alle vores betalignsmetoder i [&hellip;]<\/p>\n","protected":false},"author":2,"featured_media":0,"parent":0,"menu_order":0,"comment_status":"closed","ping_status":"closed","template":"","meta":{"_acf_changed":false,"content-type":"","footnotes":""},"wf_page_folders":[103],"class_list":["post-101338","page","type-page","status-publish","hentry"],"acf":[],"_links":{"self":[{"href":"https:\/\/frisbii.com\/da\/wp-json\/wp\/v2\/pages\/101338","targetHints":{"allow":["GET"]}}],"collection":[{"href":"https:\/\/frisbii.com\/da\/wp-json\/wp\/v2\/pages"}],"about":[{"href":"https:\/\/frisbii.com\/da\/wp-json\/wp\/v2\/types\/page"}],"author":[{"embeddable":true,"href":"https:\/\/frisbii.com\/da\/wp-json\/wp\/v2\/users\/2"}],"replies":[{"embeddable":true,"href":"https:\/\/frisbii.com\/da\/wp-json\/wp\/v2\/comments?post=101338"}],"version-history":[{"count":25,"href":"https:\/\/frisbii.com\/da\/wp-json\/wp\/v2\/pages\/101338\/revisions"}],"predecessor-version":[{"id":119178,"href":"https:\/\/frisbii.com\/da\/wp-json\/wp\/v2\/pages\/101338\/revisions\/119178"}],"wp:attachment":[{"href":"https:\/\/frisbii.com\/da\/wp-json\/wp\/v2\/media?parent=101338"}],"wp:term":[{"taxonomy":"wf_page_folders","embeddable":true,"href":"https:\/\/frisbii.com\/da\/wp-json\/wp\/v2\/wf_page_folders?post=101338"}],"curies":[{"name":"wp","href":"https:\/\/api.w.org\/{rel}","templated":true}]}}